{"id":1550,"date":"2020-02-07T16:34:24","date_gmt":"2020-02-07T15:34:24","guid":{"rendered":"https:\/\/www.hoteldelaplage.com\/inicio\/"},"modified":"2025-01-21T10:09:11","modified_gmt":"2025-01-21T09:09:11","slug":"inicio","status":"publish","type":"page","link":"https:\/\/www.hoteldelaplage.com\/es\/","title":{"rendered":"Inicio"},"content":{"rendered":"<div class=\"wp_novaresa\" id=\"wp_novaresa_shortcode\" >\r\n        <form id=\"wp_novaresa_searchform\" method=\"get\" action=\"https:\/\/www.hoteldelaplage.com\/es\/reservar\/\" role=\"form\" class=\"form-inline\">\r\n\t\t\t\t\t<div class=\"form-container\">\r\n\t\t\t\t<div class='form-group'>\r\n\t\t\t\t\t<label for=\"wp_novaresa_shortcode_date_from\">Llegada<\/label>\r\n\t\t\t\t\t<input type=\"text\" class=\"form-control\" id=\"wp_novaresa_shortcode_date_from\" name=\"date_from\" value=\"\" autocomplete=\"off\" placeholder=\"Seleccione una fecha\" >\r\n\t\t\t\t<\/div>\r\n\t\t\t\t<div class='form-group'>\r\n\t\t\t\t\t<label for=\"wp_novaresa_shortcode_date_to\">Salida<\/label>\r\n\t\t\t\t\t<input type=\"text\" class=\"form-control\" id=\"wp_novaresa_shortcode_date_to\" name=\"date_to\" value=\"\" autocomplete=\"off\" placeholder=\"Seleccione una fecha\" >\r\n\t\t\t\t<\/div>\r\n\t\t\t\t\t\t\t\t\r\n\t\t\t\t<button type=\"submit\" class=\"btn\" name=\"wp_novaresa_search\" value=\"1\">Ver disponibilidades<\/button>\r\n\t\t\t<\/div>\t\t\r\n\t\t\t\t\r\n\r\n\t\t\r\n\t<\/form>\r\n    \r\n<\/div>\n\n<div class=\"wp-block-group customer-reviews animated fadeIn slow is-content-justification-center is-nowrap is-layout-flex wp-container-core-group-is-layout-94bc23d7 wp-block-group-is-layout-flex\">\n<p class=\"has-small-font-size\" style=\"font-style:normal;font-weight:600\">Nuestros clientes<br\/>dan testimonio<\/p>\n\n\n<style>#wprev-badge-1{border-radius: 0px;}#wprev-badge-1{border-top: 5px solid rgb(48,165,126);}#wprev-badge-1{background: rgb(255,255,255);}#wprev-badge-1{border-bottom: 5px solid rgb(255,255,255);}#wprev-badge-1 .svgicons {background: rgb(249,188,17) }#wprev-badge-1 .wppro_badge1_SPAN_4 {color: rgb(1,22,39);}#wprev-badge-1 .wppro_badge1_SPAN_13 {color: rgb(1,22,39);}#wprev-badge-1 .wppro_badge1_DIV_12 {color: rgb(1,22,39);}#wprev-badge-1 {box-shadow: unset;}#wprev-badge-1 {width: auto;}<\/style>\r\n<div class=\"wprevpro_badge wppro_badge1_DIV_1 b6s1\" id=\"wprev-badge-1\">\t\r\n\t\t\t\t<div class=\"wppro_badge1_DIV_2 b6s2\">\t\r\n\t\t\t\t<div class=\"wppro_badge3_DIV_13\"><img decoding=\"async\" src=\"https:\/\/www.hoteldelaplage.com\/wp-content\/plugins\/wp-review-slider-pro\/public\/partials\/imgs\/tripadvisor_small_icon.svg\" width=32 height=32 alt=\"tripadvisor logo\" class=\"wppro_badge3_IMG_4 wprevsmallbadgeicon\"><\/div>\t\r\n\t\t\t\t<div class=\"wppro_badge1_DIV_5 b6s5\">\t\r\n\t\t\t\t<div class=\"wppro_badge1_DIV_stars b6s6\"><span class=\"wppro_avg_b6s6a\">4.7<\/span><img decoding=\"async\" src=\"https:\/\/www.hoteldelaplage.com\/wp-content\/plugins\/wp-review-slider-pro\/public\/partials\/imgs\/tripadvisor_stars_4.5.png\" alt=\"4.7 tripadvisor stars\" class=\"wppro_badge_stars\">\t\r\n\t\t\t\t<\/div>\t\r\n\t\t\t\t<div class=\"wppro_badge1_DIV_12 b6s12\"><span class=\"wppro_badge1_SPAN_15\">694<\/span>&nbsp;Traveller\u2019s choice 2023<\/div><\/div><\/div><\/div>\r\n\t\t\t\t\r\n\r\n\n\n\n<style>#wprev-badge-2{border-radius: 0px;}#wprev-badge-2{border-top: 5px solid rgb(255,255,255);}#wprev-badge-2{background: #ffffff;}#wprev-badge-2{border-bottom: 5px solid #ffffff;}#wprev-badge-2 .svgicons {background: rgb(241,177,80) }#wprev-badge-2 .wppro_badge1_SPAN_4 {color: rgb(1,22,39);}#wprev-badge-2 .wppro_badge1_SPAN_13 {color: rgb(102,102,102);}#wprev-badge-2 .wppro_badge1_DIV_12 {color: rgb(1,22,39);}#wprev-badge-2 {box-shadow: unset;}#wprev-badge-2 {width: auto;}<\/style>\r\n<div class=\"wprevpro_badge wppro_badge1_DIV_1 b6s1\" id=\"wprev-badge-2\">\t\r\n\t\t\t\t<div class=\"wppro_badge1_DIV_2 b6s2\">\t\r\n\t\t\t\t<div class=\"wppro_badge3_DIV_13\"><img decoding=\"async\" src=\"https:\/\/www.hoteldelaplage.com\/wp-content\/plugins\/wp-review-slider-pro\/public\/partials\/imgs\/google_small_icon.svg\" width=32 height=32 alt=\"google logo\" class=\"wppro_badge3_IMG_4 wprevsmallbadgeicon\"><\/div>\t\r\n\t\t\t\t<div class=\"wppro_badge1_DIV_5 b6s5\">\t\r\n\t\t\t\t<div class=\"wppro_badge1_DIV_stars b6s6\"><span class=\"wppro_avg_b6s6a\">4.7<\/span><span class=\"svgicons svg-wprsp-star-full\"><\/span><span class=\"svgicons svg-wprsp-star-full\"><\/span><span class=\"svgicons svg-wprsp-star-full\"><\/span><span class=\"svgicons svg-wprsp-star-full\"><\/span><span class=\"svgicons svg-wprsp-star-half\"><\/span>\t\r\n\t\t\t\t<\/div>\t\r\n\t\t\t\t<\/div><\/div><\/div>\r\n\t\t\t\t\r\n\r\n\n<\/div>\n\n<div style=\"height:50px\" aria-hidden=\"true\" class=\"wp-block-spacer\"><\/div>\n\n<section class=\"wp-block-group animated fadeIn slow\"><div class=\"wp-block-group__inner-container is-layout-constrained wp-block-group-is-layout-constrained\">\n<div class=\"wp-block-columns is-layout-flex wp-container-core-columns-is-layout-9d6595d7 wp-block-columns-is-layout-flex\">\n<div class=\"wp-block-column is-layout-flow wp-block-column-is-layout-flow\">\n<h1 class=\"wp-block-heading\">Bienvenido al H\u00f4tel de la Plage de San Juan de Luz<\/h1>\n\n\n\n<p class=\"has-blue-color has-text-color has-link-color has-large-font-size wp-elements-3b4c36f1d175872885831fb66c76eefc\"><em>Tu habitaci\u00f3n frente al mar, en pleno centro hist\u00f3rico de San Juan de Luz<\/em><\/p>\n<\/div>\n\n\n\n<div class=\"wp-block-column is-layout-flow wp-block-column-is-layout-flow\">\n<p><br\/>L&#8217;H\u00f4tel de la Plage, una ubicaci\u00f3n excepcional en San Juan de Luz, cerca del puerto viejo y de playas de arena fina. A pocos pasos del hotel, los amantes del pasado podr\u00e1n pasear por el casco antiguo de San Juan de Luz y admirar la lonja de pescado. Los gourmets encontrar\u00e1n las especialidades culinarias del Pa\u00eds Vasco y su regi\u00f3n in situ o en los numerosos restaurantes cercanos. <\/p>\n\n\n\n<div style=\"height:50px\" aria-hidden=\"true\" class=\"wp-block-spacer\"><\/div>\n\n\n\n<div class=\"wp-block-getwid-icon-box has-icon-right has-text-left\"><div class=\"wp-block-getwid-icon-box__icon-container has-layout-stacked is-position-middle\"><a href=\"\/hotel\/\" rel=\"\" class=\"wp-block-getwid-icon-box__icon-wrapper has-background has-gold-background-color has-text-color has-white-color\" style=\"font-size:12px;padding:5px\"><i class=\"fas fa-angle-right\"><\/i><\/a><\/div><div class=\"wp-block-getwid-icon-box__content\">\n<p style=\"font-style:normal;font-weight:600\"><a href=\"https:\/\/www.hoteldelaplage.com\/es\/hotel\/\">M\u00e1s informaci\u00f3n sobre el hotel<\/a><\/p>\n<\/div><\/div>\n<\/div>\n<\/div>\n<\/div><\/section>\n\n<div class=\"wp-block-cover alignfull is-light has-parallax\" style=\"min-height:503px;aspect-ratio:unset;\"><span aria-hidden=\"true\" class=\"wp-block-cover__background has-background-dim-0 has-background-dim\"><\/span><div role=\"img\" aria-label=\"h\u00f4tel st jean de luz\" class=\"wp-block-cover__image-background wp-image-104 has-parallax\" style=\"background-position:50% 50%;background-image:url(https:\/\/www.hoteldelaplage.com\/wp-content\/uploads\/2024\/11\/HotelDeLaPlage-84.jpg)\"><\/div><div class=\"wp-block-cover__inner-container is-layout-constrained wp-block-cover-is-layout-constrained\">\n<p class=\"has-text-align-center has-large-font-size\"><\/p>\n<\/div><\/div>\n\n<section class=\"wp-block-group animated fadeIn slow\"><div class=\"wp-block-group__inner-container is-layout-constrained wp-block-group-is-layout-constrained\">\n<p class=\"has-text-align-center suptitle has-blue-color has-text-color has-link-color wp-elements-03e53b51ede5176b93c0903a3fd35412\" style=\"font-style:normal;font-weight:600;text-transform:uppercase\">servicios<\/p>\n\n\n\n<h2 class=\"wp-block-heading has-text-align-center\">Todo para tu comodidad<\/h2>\n\n\n\n<div class=\"wp-block-columns is-layout-flex wp-container-core-columns-is-layout-9d6595d7 wp-block-columns-is-layout-flex\">\n<div class=\"wp-block-column is-layout-flow wp-block-column-is-layout-flow\" style=\"flex-basis:25%\"><\/div>\n\n\n\n<div class=\"wp-block-column is-layout-flow wp-block-column-is-layout-flow\" style=\"flex-basis:50%\">\n<p class=\"has-text-align-center\">Para una estancia perfecta, disfruta de una gama completa de servicios dise\u00f1ados para tu comodidad, con una atenci\u00f3n exclusiva y una bienvenida personalizada.<\/p>\n<\/div>\n\n\n\n<div class=\"wp-block-column is-layout-flow wp-block-column-is-layout-flow\" style=\"flex-basis:25%\"><\/div>\n<\/div>\n\n\n\n<div style=\"height:50px\" aria-hidden=\"true\" class=\"wp-block-spacer\"><\/div>\n\n\n\n<div class=\"wp-block-group services is-content-justification-center is-layout-flex wp-container-core-group-is-layout-64b26803 wp-block-group-is-layout-flex\">\n<div class=\"wp-block-getwid-image-box has-text-center has-mobile-layout-default has-mobile-alignment-default\"><div class=\"wp-block-getwid-image-box__image-container is-position-top\"><div class=\"wp-block-getwid-image-box__image-wrapper\"><img decoding=\"async\" src=\"https:\/\/www.hoteldelaplage.com\/wp-content\/uploads\/2024\/11\/picto-reception.svg\" alt=\"R\u00e9ception 24h\/24\" class=\"wp-block-getwid-image-box__image wp-image-198\"\/><\/div><\/div><div class=\"wp-block-getwid-image-box__content\">\n<p>Recepci\u00f3n 24 horas<\/p>\n<\/div><\/div>\n\n\n\n<div class=\"wp-block-getwid-image-box has-text-center has-mobile-layout-default has-mobile-alignment-default\"><div class=\"wp-block-getwid-image-box__image-container is-position-top\"><div class=\"wp-block-getwid-image-box__image-wrapper\"><img decoding=\"async\" src=\"https:\/\/www.hoteldelaplage.com\/wp-content\/uploads\/2024\/11\/picto-clim.svg\" alt=\"Chambres climatis\u00e9es\" class=\"wp-block-getwid-image-box__image wp-image-169\"\/><\/div><\/div><div class=\"wp-block-getwid-image-box__content\">\n<p>Habitaciones con aire acondicionado<\/p>\n<\/div><\/div>\n\n\n\n<div class=\"wp-block-getwid-image-box has-text-center has-mobile-layout-default has-mobile-alignment-default\"><div class=\"wp-block-getwid-image-box__image-container is-position-top\"><div class=\"wp-block-getwid-image-box__image-wrapper\"><img decoding=\"async\" src=\"https:\/\/www.hoteldelaplage.com\/wp-content\/uploads\/2024\/11\/picto-wifi.svg\" alt=\"Wifi gratuit\" class=\"wp-block-getwid-image-box__image wp-image-182\"\/><\/div><\/div><div class=\"wp-block-getwid-image-box__content\">\n<p>Wifi gratuito<\/p>\n<\/div><\/div>\n\n\n\n<div class=\"wp-block-getwid-image-box has-text-center has-mobile-layout-default has-mobile-alignment-default\"><div class=\"wp-block-getwid-image-box__image-container is-position-top\"><div class=\"wp-block-getwid-image-box__image-wrapper\"><img decoding=\"async\" src=\"https:\/\/www.hoteldelaplage.com\/wp-content\/uploads\/2024\/11\/picto-ascenseur.svg\" alt=\"Ascenseur\" class=\"wp-block-getwid-image-box__image wp-image-193\"\/><\/div><\/div><div class=\"wp-block-getwid-image-box__content\">\n<p>Ascensor<\/p>\n<\/div><\/div>\n\n\n\n<div class=\"wp-block-getwid-image-box has-text-center has-mobile-layout-default has-mobile-alignment-default\"><div class=\"wp-block-getwid-image-box__image-container is-position-top\"><div class=\"wp-block-getwid-image-box__image-wrapper\"><img decoding=\"async\" src=\"https:\/\/www.hoteldelaplage.com\/wp-content\/uploads\/2024\/11\/picto-car.svg\" alt=\"Garage priv\u00e9\" class=\"wp-block-getwid-image-box__image wp-image-213\"\/><\/div><\/div><div class=\"wp-block-getwid-image-box__content\">\n<p>Garaje privado \/ Servicio de aparcacoches<\/p>\n<\/div><\/div>\n\n\n\n<div class=\"wp-block-getwid-image-box has-text-center has-mobile-layout-default has-mobile-alignment-default\"><div class=\"wp-block-getwid-image-box__image-container is-position-top\"><div class=\"wp-block-getwid-image-box__image-wrapper\"><img decoding=\"async\" src=\"https:\/\/www.hoteldelaplage.com\/wp-content\/uploads\/2025\/01\/parking-public-1.svg\" alt=\"\" class=\"wp-block-getwid-image-box__image wp-image-1088\"\/><\/div><\/div><div class=\"wp-block-getwid-image-box__content\">\n<p>Aparcamiento p\u00fablico<\/p>\n<\/div><\/div>\n\n\n\n<div class=\"wp-block-getwid-image-box has-text-center has-mobile-layout-default has-mobile-alignment-default\"><div class=\"wp-block-getwid-image-box__image-container is-position-top\"><div class=\"wp-block-getwid-image-box__image-wrapper\"><img decoding=\"async\" src=\"https:\/\/www.hoteldelaplage.com\/wp-content\/uploads\/2024\/11\/picto-brunch.svg\" alt=\"Petit d\u00e9jeuner brunch\" class=\"wp-block-getwid-image-box__image wp-image-208\"\/><\/div><\/div><div class=\"wp-block-getwid-image-box__content\">\n<p>Desayuno buffet \/ continental<\/p>\n<\/div><\/div>\n\n\n\n<div class=\"wp-block-getwid-image-box has-text-center has-mobile-layout-default has-mobile-alignment-default\"><div class=\"wp-block-getwid-image-box__image-container is-position-top\"><div class=\"wp-block-getwid-image-box__image-wrapper\"><img decoding=\"async\" src=\"https:\/\/www.hoteldelaplage.com\/wp-content\/uploads\/2024\/11\/picto-service.svg\" alt=\"Service d\u2019\u00e9tage\" class=\"wp-block-getwid-image-box__image wp-image-260\"\/><\/div><\/div><div class=\"wp-block-getwid-image-box__content\">\n<p>Servicio de habitaciones<\/p>\n<\/div><\/div>\n\n\n\n<div class=\"wp-block-getwid-image-box has-text-center has-mobile-layout-default has-mobile-alignment-default\"><div class=\"wp-block-getwid-image-box__image-container is-position-top\"><div class=\"wp-block-getwid-image-box__image-wrapper\"><img decoding=\"async\" src=\"https:\/\/www.hoteldelaplage.com\/wp-content\/uploads\/2024\/11\/picto-bar.svg\" alt=\"Room service - Bar\" class=\"wp-block-getwid-image-box__image wp-image-252\"\/><\/div><\/div><div class=\"wp-block-getwid-image-box__content\">\n<p>Servicio de habitaciones &#8211; Bar<\/p>\n<\/div><\/div>\n\n\n\n<div class=\"wp-block-getwid-image-box has-text-center has-mobile-layout-default has-mobile-alignment-default\"><div class=\"wp-block-getwid-image-box__image-container is-position-top\"><div class=\"wp-block-getwid-image-box__image-wrapper\"><img decoding=\"async\" src=\"https:\/\/www.hoteldelaplage.com\/wp-content\/uploads\/2024\/11\/picto-massage.svg\" alt=\"Massage\" class=\"wp-block-getwid-image-box__image wp-image-228\"\/><\/div><\/div><div class=\"wp-block-getwid-image-box__content\">\n<p>Masaje<\/p>\n<\/div><\/div>\n\n\n\n<div class=\"wp-block-getwid-image-box has-text-center has-mobile-layout-default has-mobile-alignment-default\"><div class=\"wp-block-getwid-image-box__image-container is-position-top\"><div class=\"wp-block-getwid-image-box__image-wrapper\"><img decoding=\"async\" src=\"https:\/\/www.hoteldelaplage.com\/wp-content\/uploads\/2024\/11\/picto-blanchisserie.svg\" alt=\"Blanchisserie\" class=\"wp-block-getwid-image-box__image wp-image-234\"\/><\/div><\/div><div class=\"wp-block-getwid-image-box__content\">\n<p>Lavander\u00eda<\/p>\n<\/div><\/div>\n\n\n\n<div class=\"wp-block-getwid-image-box has-text-center has-mobile-layout-default has-mobile-alignment-default\"><div class=\"wp-block-getwid-image-box__image-container is-position-top\"><div class=\"wp-block-getwid-image-box__image-wrapper\"><img decoding=\"async\" src=\"https:\/\/www.hoteldelaplage.com\/wp-content\/uploads\/2024\/11\/picto-plane.svg\" alt=\"Transfert a\u00e9roport\/gare\" class=\"wp-block-getwid-image-box__image wp-image-222\"\/><\/div><\/div><div class=\"wp-block-getwid-image-box__content\">\n<p>Traslado aeropuerto\/estaci\u00f3n<\/p>\n<\/div><\/div>\n\n\n\n<div class=\"wp-block-getwid-image-box has-text-center has-mobile-layout-default has-mobile-alignment-default\"><div class=\"wp-block-getwid-image-box__image-container is-position-top\"><div class=\"wp-block-getwid-image-box__image-wrapper\"><img decoding=\"async\" src=\"https:\/\/www.hoteldelaplage.com\/wp-content\/uploads\/2024\/11\/picto-animal.svg\" alt=\"Animaux accept\u00e9s\" class=\"wp-block-getwid-image-box__image wp-image-240\"\/><\/div><\/div><div class=\"wp-block-getwid-image-box__content\">\n<p>Se admiten mascotas<\/p>\n<\/div><\/div>\n\n\n\n<div class=\"wp-block-getwid-image-box has-text-center has-mobile-layout-default has-mobile-alignment-default\"><div class=\"wp-block-getwid-image-box__image-container is-position-top\"><div class=\"wp-block-getwid-image-box__image-wrapper\"><img decoding=\"async\" src=\"https:\/\/www.hoteldelaplage.com\/wp-content\/uploads\/2025\/01\/noun-locker-1067778-CF.svg\" alt=\"\" class=\"wp-block-getwid-image-box__image wp-image-1493\"\/><\/div><\/div><div class=\"wp-block-getwid-image-box__content\">\n<p>Caja fuerte<\/p>\n<\/div><\/div>\n<\/div>\n<\/div><\/section>\n","protected":false},"excerpt":{"rendered":"<p>Nuestros clientesdan testimonio Bienvenido al H\u00f4tel de la Plage de San Juan de Luz Tu habitaci\u00f3n frente al mar, en pleno centro hist\u00f3rico de San Juan de Luz L&#8217;H\u00f4tel de la Plage, una ubicaci\u00f3n excepcional en San Juan de Luz, cerca del puerto viejo y de playas de arena fina. [&hellip;]<\/p>\n","protected":false},"author":1,"featured_media":0,"parent":0,"menu_order":0,"comment_status":"closed","ping_status":"closed","template":"","meta":{"_acf_changed":false,"_seopress_robots_primary_cat":"","_seopress_titles_title":"Hotel en San Juan de Luz | Encanto, comodidad y vista al mar","_seopress_titles_desc":"Encuentra tu hotel ideal en San Juan de Luz. Disfruta de una ubicaci\u00f3n \u00fanica, un entorno aut\u00e9ntico y comodidades modernas para una estancia inolvidable en el Pa\u00eds Vasco. ","_seopress_robots_index":"","pgc_sgb_lightbox_settings":"","footnotes":""},"class_list":["post-1550","page","type-page","status-publish","hentry"],"acf":[],"_links":{"self":[{"href":"https:\/\/www.hoteldelaplage.com\/es\/wp-json\/wp\/v2\/pages\/1550","targetHints":{"allow":["GET"]}}],"collection":[{"href":"https:\/\/www.hoteldelaplage.com\/es\/wp-json\/wp\/v2\/pages"}],"about":[{"href":"https:\/\/www.hoteldelaplage.com\/es\/wp-json\/wp\/v2\/types\/page"}],"author":[{"embeddable":true,"href":"https:\/\/www.hoteldelaplage.com\/es\/wp-json\/wp\/v2\/users\/1"}],"replies":[{"embeddable":true,"href":"https:\/\/www.hoteldelaplage.com\/es\/wp-json\/wp\/v2\/comments?post=1550"}],"version-history":[{"count":3,"href":"https:\/\/www.hoteldelaplage.com\/es\/wp-json\/wp\/v2\/pages\/1550\/revisions"}],"predecessor-version":[{"id":1640,"href":"https:\/\/www.hoteldelaplage.com\/es\/wp-json\/wp\/v2\/pages\/1550\/revisions\/1640"}],"wp:attachment":[{"href":"https:\/\/www.hoteldelaplage.com\/es\/wp-json\/wp\/v2\/media?parent=1550"}],"curies":[{"name":"wp","href":"https:\/\/api.w.org\/{rel}","templated":true}]}}